{"id":4981,"date":"2026-02-19T11:12:42","date_gmt":"2026-02-19T08:12:42","guid":{"rendered":"https:\/\/icolight.com.tr\/?post_type=product&#038;p=4981"},"modified":"2026-03-17T20:39:39","modified_gmt":"2026-03-17T17:39:39","slug":"icolight-glint-rechargeable-led-coaster-for-drinks-ultra-slim-illuminated-drink-mat-geo","status":"publish","type":"product","link":"https:\/\/icolight.com.tr\/tr\/urun\/icolight-glint-rechargeable-led-coaster-for-drinks-ultra-slim-illuminated-drink-mat-geo\/","title":{"rendered":"Icolight Glint &#8211; Rechargeable LED Coaster for Drinks | Ultra-Slim Illuminated Drink Mat | Geo"},"content":{"rendered":"<p data-path-to-node=\"3\"><b data-path-to-node=\"3\" data-index-in-node=\"0\"><strong>IcoLight Glint: Sanat ve Ambiyans Ayd\u0131nlatmas\u0131n\u0131n Kesi\u015fim Noktas\u0131<\/strong><\/b><\/p>\n<p data-path-to-node=\"4\" class=\"translation-block\"><strong>IcoLight Glint<\/strong> ile i\u00e7ecek deneyiminizi \u00fcst seviyeye ta\u015f\u0131y\u0131n. L\u00fcks localar, butik oteller ve sofistike ev barlar\u0131 i\u00e7in tasarlanan bu <strong>ayd\u0131nlatmal\u0131 bardak altl\u0131\u011f\u0131<\/strong>, bir bar aksesuar\u0131ndan \u00e7ok daha fazlas\u0131d\u0131r; o, fonksiyonel bir sanat eseridir. \u00d6zel <strong>2800K s\u0131cak beyaz \u0131\u015f\u0131lt\u0131ya<\/strong> sahip olan Glint, mum \u0131\u015f\u0131\u011f\u0131n\u0131n samimi zarafetini taklit ederek bardaklar\u0131n\u0131z\u0131n do\u011fal g\u00fczelli\u011fini ortaya \u00e7\u0131karan yumu\u015fak ve alt\u0131n rengi bir parlakl\u0131k sunar.<\/p>\n<p data-path-to-node=\"5\" class=\"translation-block\">Geli\u015fmi\u015f <strong>LGP (I\u015f\u0131k K\u0131lavuz Paneli) Teknolojisi<\/strong> ile donat\u0131lan Glint, sanatsal y\u00fczeyi boyunca m\u00fckemmel derecede homojen bir \u0131\u015f\u0131k da\u011f\u0131l\u0131m\u0131 sa\u011flar. \u0130ster minimalist ister iddial\u0131 bir desen se\u00e7in; \u0131\u015f\u0131k, tasar\u0131m\u0131n\u0131za herhangi bir karanl\u0131k nokta veya rahats\u0131z edici parlama olu\u015fturmadan hayat verir.<\/p>\n<p data-path-to-node=\"6\"><b data-path-to-node=\"6\" data-index-in-node=\"0\"><strong>Teknik M\u00fckemmeliyet ve Dayan\u0131kl\u0131l\u0131k:<\/strong><\/b><\/p>\n<ul data-path-to-node=\"7\">\n<li>\n<p data-path-to-node=\"7,0,0\" class=\"translation-block\"><strong>Sezgisel Kontrol:<\/strong> \u015e\u0131k bir <strong>kapasitif dokunmatik d\u00fc\u011fme<\/strong>, m\u00fckemmel ambiyans\u0131 ayarlaman\u0131z i\u00e7in <strong>3 parlakl\u0131k kademesi<\/strong> (D\u00fc\u015f\u00fck, Orta, Y\u00fcksek) aras\u0131nda ge\u00e7i\u015f yapman\u0131za olanak tan\u0131r.<\/p>\n<\/li>\n<li>\n<p data-path-to-node=\"7,1,0\"><b data-path-to-node=\"7,1,0\" data-index-in-node=\"0\"><strong>Uzun \u00d6m\u00fcrl\u00fc Tasar\u0131m:<\/strong><\/b> With an <b data-path-to-node=\"7,1,0\" data-index-in-node=\"23\">IP64 waterproof rating<\/b>, it is engineered to withstand spills and splashes in the busiest environments.<\/p>\n<\/li>\n<li>\n<p data-path-to-node=\"7,2,0\" class=\"translation-block\"><strong>Modern G\u00fc\u00e7:<\/strong> \u00dcst\u00fcn kullan\u0131m kolayl\u0131\u011f\u0131 i\u00e7in evrensel <strong>USB Type-C<\/strong> \u015farj portuna ve \u015farj edilebilir <strong>450mA Lityum-\u0130yon bataryaya<\/strong> sahiptir.<\/p>\n<\/li>\n<li>\n<p data-path-to-node=\"7,3,0\"><b data-path-to-node=\"7,3,0\" data-index-in-node=\"0\"><strong>\u0130nce Profil:<\/strong><\/b> A minimalist <b data-path-to-node=\"7,3,0\" data-index-in-node=\"27\">13mm thickness<\/b> ensures your drinks remain stable and elegant.<\/p>\n<\/li>\n<\/ul>\n<p data-path-to-node=\"8\">Glint'in <strong>s\u0131cak ve davetkar \u0131\u015f\u0131lt\u0131s\u0131yla<\/strong>, her kadeh kald\u0131rmay\u0131 g\u00f6rsel bir \u015f\u00f6lene d\u00f6n\u00fc\u015ft\u00fcr\u00fcn.<\/p>","protected":false},"excerpt":{"rendered":"<div style=\"font-family: 'Montserrat', sans-serif; color: #333;\">\n<h3 style=\"font-family: 'Montserrat', sans-serif; font-weight: bold;\">Sanat ve Ambiyans Ayd\u0131nlatmas\u0131n\u0131n Kesi\u015fimi<\/h3>\n<p style=\"line-height: 1.7;\" class=\"translation-block\"><strong>IcoLight Glint<\/strong> ile duyusal deneyiminizi zirveye ta\u015f\u0131y\u0131n. L\u00fcks lounge'lar, butik oteller ve sofistike ev barlar\u0131 i\u00e7in tasarlanan bu ayd\u0131nlatmal\u0131 bardak altl\u0131\u011f\u0131, bir bar aksesuar\u0131ndan \u00e7ok daha fazlas\u0131d\u0131r; o, fonksiyonel bir sanat eseridir. \u00d6zel <strong>2800K s\u0131cak beyaz \u0131\u015f\u0131\u011f\u0131yla<\/strong> Glint, mum \u0131\u015f\u0131\u011f\u0131n\u0131n samimi zarafetini taklit eder; cam e\u015fyalar\u0131n\u0131z\u0131n do\u011fal g\u00fczelli\u011fini ortaya \u00e7\u0131karan yumu\u015fak ve alt\u0131n rengi bir \u0131\u015f\u0131lt\u0131 yayar.<\/p>\n<p style=\"line-height: 1.7;\" class=\"translation-block\">Geli\u015fmi\u015f <strong>LGP (I\u015f\u0131k K\u0131lavuz Paneli) Teknolojisi<\/strong> kullanan Glint, sanatsal y\u00fczeyi boyunca m\u00fckemmel derecede homojen bir \u0131\u015f\u0131k da\u011f\u0131l\u0131m\u0131 sa\u011flar. Mekan\u0131n\u0131z ister minimalist ister iddial\u0131 olsun; \u0131\u015f\u0131k, herhangi bir karanl\u0131k nokta veya g\u00f6z al\u0131c\u0131 parlama olmaks\u0131z\u0131n tasar\u0131ma hayat verir.<\/p>\n<h4 style=\"font-family: 'Montserrat', sans-serif; font-weight: 600; margin-top: 25px;\"><strong>Teknik M\u00fckemmeliyet ve Dayan\u0131kl\u0131l\u0131k<\/strong><\/h4>\n<ul style=\"line-height: 1.8;\">\n<li class=\"translation-block\"><strong>Sezgisel Kontrol:<\/strong> \u015e\u0131k bir <strong>kapasitif dokunmatik d\u00fc\u011fme<\/strong>, m\u00fckemmel ambiyans\u0131 ayarlaman\u0131z i\u00e7in <strong>3 parlakl\u0131k kademesi<\/strong> (D\u00fc\u015f\u00fck, Orta, Y\u00fcksek) aras\u0131nda ge\u00e7i\u015f yapman\u0131za olanak tan\u0131r.<\/li>\n<li><strong><strong>Uzun \u00d6m\u00fcrl\u00fc Tasar\u0131m:<\/strong><\/strong> <strong>IP64 su ge\u00e7irmezlik derecesine<\/strong> sahip olan Glint, en yo\u011fun profesyonel ortamlardaki d\u00f6k\u00fclmelere ve s\u0131\u00e7ramalara dayanacak \u015fekilde m\u00fchendislik harikas\u0131 olarak tasarlanm\u0131\u015ft\u0131r.<\/li>\n<li class=\"translation-block\"><strong>Modern G\u00fc\u00e7:<\/strong> \u00dcst\u00fcn kullan\u0131m kolayl\u0131\u011f\u0131 i\u00e7in evrensel <strong>USB Type-C<\/strong> \u015farj portuna ve \u015farj edilebilir <strong>450mA Lityum-\u0130yon bataryaya<\/strong> sahiptir.<\/li>\n<li><strong><strong>Ultra \u0130nce Profil:<\/strong><\/strong> Sadece <strong>13 mm kal\u0131nl\u0131\u011f\u0131ndaki<\/strong> zarif tasar\u0131m\u0131yla her t\u00fcrl\u00fc premium cam e\u015fyan\u0131n alt\u0131na m\u00fckemmel \u015fekilde uyum sa\u011flar.<\/li>\n<\/ul>\n<hr style=\"border: 0; border-top: 1px solid #eee; margin: 30px 0;\" \/>\n<h4 style=\"font-family: 'Montserrat', sans-serif; font-weight: 600;\"><strong>\u00dcr\u00fcn \u00d6zellikleri<\/strong><\/h4>\n<table style=\"width: 100%; border-collapse: collapse; margin-top: 15px; font-family: 'Montserrat', sans-serif; font-size: 14px;\">\n<tbody>\n<tr style=\"border-bottom: 1px solid #eee;\">\n<td style=\"padding: 12px 10px; font-weight: 600; width: 40%; color: #666;\"><strong>\u00dcr\u00fcn Ad\u0131<\/strong><\/td>\n<td style=\"padding: 12px 10px;\">IcoLight &#8211; Glint Geo<\/td>\n<\/tr>\n<tr style=\"border-bottom: 1px solid #eee;\">\n<td style=\"padding: 12px 10px; font-weight: 600; color: #666;\">Malzeme<\/td>\n<td style=\"padding: 12px 10px;\">ABS &amp; Acrylic<\/td>\n<\/tr>\n<tr style=\"border-bottom: 1px solid #eee;\">\n<td style=\"padding: 12px 10px; font-weight: 600; color: #666;\"><strong>I\u015f\u0131k S\u0131cakl\u0131\u011f\u0131<\/strong><\/td>\n<td style=\"padding: 12px 10px;\">2800K (S\u0131cak Beyaz)<\/td>\n<\/tr>\n<tr style=\"border-bottom: 1px solid #eee;\">\n<td style=\"padding: 12px 10px; font-weight: 600; color: #666;\"><strong>Parlakl\u0131k Seviyeleri<\/strong><\/td>\n<td style=\"padding: 12px 10px;\">3 Kademe (D\u00fc\u015f\u00fck \/ Orta \/ Y\u00fcksek)<\/td>\n<\/tr>\n<tr style=\"border-bottom: 1px solid #eee;\">\n<td style=\"padding: 12px 10px; font-weight: 600; color: #666;\"><strong>Kontrol Tipi<\/strong><\/td>\n<td style=\"padding: 12px 10px;\">Kapasitif Dokunmatik<\/td>\n<\/tr>\n<tr style=\"border-bottom: 1px solid #eee;\">\n<td style=\"padding: 12px 10px; font-weight: 600; color: #666;\"><strong>Ayd\u0131nlatma Teknolojisi<\/strong><\/td>\n<td style=\"padding: 12px 10px;\">LGP &#8211; Light Guide Panel Tech.<\/td>\n<\/tr>\n<tr style=\"border-bottom: 1px solid #eee;\">\n<td style=\"padding: 12px 10px; font-weight: 600; color: #666;\"><strong>Batarya Tipi<\/strong><\/td>\n<td style=\"padding: 12px 10px;\">\u015earj Edilebilir 450mA Lityum-\u0130yon<\/td>\n<\/tr>\n<tr style=\"border-bottom: 1px solid #eee;\">\n<td style=\"padding: 12px 10px; font-weight: 600; color: #666;\"><strong>\u015earj Portu<\/strong><\/td>\n<td style=\"padding: 10px;\">USB Type-C<\/td>\n<\/tr>\n<tr style=\"border-bottom: 1px solid #eee;\">\n<td style=\"padding: 12px 10px; font-weight: 600; color: #666;\">\u00d6l\u00e7\u00fcler<\/td>\n<td style=\"padding: 12px 10px;\">104 x 104 x 13 (mm)<\/td>\n<\/tr>\n<tr style=\"border-bottom: 1px solid #eee;\">\n<td style=\"padding: 12px 10px; font-weight: 600; color: #666;\"><strong>Su Ge\u00e7irmezlik Seviyesi<\/strong><\/td>\n<td style=\"padding: 12px 10px;\">IP64<\/td>\n<\/tr>\n<\/tbody>\n<\/table>\n<\/div>","protected":false},"featured_media":4986,"comment_status":"open","ping_status":"closed","template":"","meta":{"_uag_custom_page_level_css":"","site-sidebar-layout":"default","site-content-layout":"","ast-site-content-layout":"default","site-content-style":"default","site-sidebar-style":"default","ast-global-header-display":"","ast-banner-title-visibility":"","ast-main-header-display":"","ast-hfb-above-header-display":"","ast-hfb-below-header-display":"","ast-hfb-mobile-header-display":"","site-post-title":"","ast-breadcrumbs-content":"","ast-featured-img":"","footer-sml-layout":"","ast-disable-related-posts":"","theme-transparent-header-meta":"default","adv-header-id-meta":"","stick-header-meta":"","header-above-stick-meta":"","header-main-stick-meta":"","header-below-stick-meta":"","astra-migrate-meta-layouts":"set","ast-page-background-enabled":"default","ast-page-background-meta":{"desktop":{"background-color":"var(--ast-global-color-5)","background-image":"","background-repeat":"repeat","background-position":"center center","background-size":"auto","background-attachment":"scroll","background-type":"","background-media":"","overlay-type":"","overlay-color":"","overlay-opacity":"","overlay-gradient":""},"tablet":{"background-color":"","background-image":"","background-repeat":"repeat","background-position":"center center","background-size":"auto","background-attachment":"scroll","background-type":"","background-media":"","overlay-type":"","overlay-color":"","overlay-opacity":"","overlay-gradient":""},"mobile":{"background-color":"","background-image":"","background-repeat":"repeat","background-position":"center center","background-size":"auto","background-attachment":"scroll","background-type":"","background-media":"","overlay-type":"","overlay-color":"","overlay-opacity":"","overlay-gradient":""}},"ast-content-background-meta":{"desktop":{"background-color":"var(--ast-global-color-4)","background-image":"","background-repeat":"repeat","background-position":"center center","background-size":"auto","background-attachment":"scroll","background-type":"","background-media":"","overlay-type":"","overlay-color":"","overlay-opacity":"","overlay-gradient":""},"tablet":{"background-color":"var(--ast-global-color-4)","background-image":"","background-repeat":"repeat","background-position":"center center","background-size":"auto","background-attachment":"scroll","background-type":"","background-media":"","overlay-type":"","overlay-color":"","overlay-opacity":"","overlay-gradient":""},"mobile":{"background-color":"var(--ast-global-color-4)","background-image":"","background-repeat":"repeat","background-position":"center center","background-size":"auto","background-attachment":"scroll","background-type":"","background-media":"","overlay-type":"","overlay-color":"","overlay-opacity":"","overlay-gradient":""}}},"product_brand":[],"product_cat":[15],"product_tag":[],"class_list":{"0":"post-4981","1":"product","2":"type-product","3":"status-publish","4":"has-post-thumbnail","6":"product_cat-genel","7":"desktop-align-left","8":"tablet-align-left","9":"mobile-align-left","11":"first","12":"instock","13":"sale","14":"featured","15":"shipping-taxable","16":"purchasable","17":"product-type-simple"},"uagb_featured_image_src":{"full":["https:\/\/icolight.com.tr\/wp-content\/uploads\/2026\/02\/MOZ00958-studioniche-IIIO-IcoLight-OK-scaled.jpg",2560,2560,false],"thumbnail":["https:\/\/icolight.com.tr\/wp-content\/uploads\/2026\/02\/MOZ00958-studioniche-IIIO-IcoLight-OK-scaled.jpg",150,150,false],"medium":["https:\/\/icolight.com.tr\/wp-content\/uploads\/2026\/02\/MOZ00958-studioniche-IIIO-IcoLight-OK-scaled.jpg",300,300,false],"medium_large":["https:\/\/icolight.com.tr\/wp-content\/uploads\/2026\/02\/MOZ00958-studioniche-IIIO-IcoLight-OK-scaled.jpg",768,768,false],"large":["https:\/\/icolight.com.tr\/wp-content\/uploads\/2026\/02\/MOZ00958-studioniche-IIIO-IcoLight-OK-scaled.jpg",1024,1024,false],"1536x1536":["https:\/\/icolight.com.tr\/wp-content\/uploads\/2026\/02\/MOZ00958-studioniche-IIIO-IcoLight-OK-scaled.jpg",1536,1536,false],"2048x2048":["https:\/\/icolight.com.tr\/wp-content\/uploads\/2026\/02\/MOZ00958-studioniche-IIIO-IcoLight-OK-scaled.jpg",2048,2048,false],"trp-custom-language-flag":["https:\/\/icolight.com.tr\/wp-content\/uploads\/2026\/02\/MOZ00958-studioniche-IIIO-IcoLight-OK-scaled.jpg",12,12,false],"woocommerce_thumbnail":["https:\/\/icolight.com.tr\/wp-content\/uploads\/2026\/02\/MOZ00958-studioniche-IIIO-IcoLight-OK-scaled.jpg",2560,2560,false],"woocommerce_single":["https:\/\/icolight.com.tr\/wp-content\/uploads\/2026\/02\/MOZ00958-studioniche-IIIO-IcoLight-OK-scaled.jpg",2560,2560,false],"woocommerce_gallery_thumbnail":["https:\/\/icolight.com.tr\/wp-content\/uploads\/2026\/02\/MOZ00958-studioniche-IIIO-IcoLight-OK-scaled.jpg",100,100,false]},"uagb_author_info":{"display_name":"Volvox","author_link":"https:\/\/icolight.com.tr\/tr\/author\/"},"uagb_comment_info":0,"uagb_excerpt":"The Intersection of Art and Ambient Lighting Elevate your sensory experience with the IcoLight Glint. Designed for luxury lounges, boutique hotels, and sophisticated home bars, this illuminated coaster is more than a bar accessory\u2014it is a piece of functional art. Featuring a specialized 2800K warm white glow, the Glint mimics the intimate elegance of candlelight,&hellip;","_links":{"self":[{"href":"https:\/\/icolight.com.tr\/tr\/wp-json\/wp\/v2\/product\/4981","targetHints":{"allow":["GET"]}}],"collection":[{"href":"https:\/\/icolight.com.tr\/tr\/wp-json\/wp\/v2\/product"}],"about":[{"href":"https:\/\/icolight.com.tr\/tr\/wp-json\/wp\/v2\/types\/product"}],"replies":[{"embeddable":true,"href":"https:\/\/icolight.com.tr\/tr\/wp-json\/wp\/v2\/comments?post=4981"}],"version-history":[{"count":1,"href":"https:\/\/icolight.com.tr\/tr\/wp-json\/wp\/v2\/product\/4981\/revisions"}],"predecessor-version":[{"id":4991,"href":"https:\/\/icolight.com.tr\/tr\/wp-json\/wp\/v2\/product\/4981\/revisions\/4991"}],"wp:featuredmedia":[{"embeddable":true,"href":"https:\/\/icolight.com.tr\/tr\/wp-json\/wp\/v2\/media\/4986"}],"wp:attachment":[{"href":"https:\/\/icolight.com.tr\/tr\/wp-json\/wp\/v2\/media?parent=4981"}],"wp:term":[{"taxonomy":"product_brand","embeddable":true,"href":"https:\/\/icolight.com.tr\/tr\/wp-json\/wp\/v2\/product_brand?post=4981"},{"taxonomy":"product_cat","embeddable":true,"href":"https:\/\/icolight.com.tr\/tr\/wp-json\/wp\/v2\/product_cat?post=4981"},{"taxonomy":"product_tag","embeddable":true,"href":"https:\/\/icolight.com.tr\/tr\/wp-json\/wp\/v2\/product_tag?post=4981"}],"curies":[{"name":"wp","href":"https:\/\/api.w.org\/{rel}","templated":true}]}}